{"id":100,"date":"2017-01-03T16:25:21","date_gmt":"2017-01-03T16:25:21","guid":{"rendered":"http:\/\/prague.foxthemes.me\/?page_id=100"},"modified":"2024-02-21T15:23:03","modified_gmt":"2024-02-21T15:23:03","slug":"servicios","status":"publish","type":"page","link":"https:\/\/suplitecdom.com\/index.php\/servicios\/","title":{"rendered":"SERVICIOS"},"content":{"rendered":"<p>[vc_row full_width=&#8221;stretch_row_content_no_spaces&#8221;][vc_column][vc_banner_title color_style=&#8221;light&#8221; subtitle=&#8221;Nuestros&#8221; title=&#8221;SERVICIOS&#8221; img=&#8221;2968&#8243; enable_overlay=&#8221;true&#8221; enable_fullheight=&#8221;true&#8221; columns=&#8221;%5B%7B%7D%5D&#8221;][\/vc_banner_title][\/vc_column][\/vc_row][vc_row desctop_mt=&#8221;margin-lg-60t&#8221; tablets_mt=&#8221;margin-sm-70t&#8221;][vc_column desctop_mt=&#8221;margin-lg-0t&#8221; tablets_mt=&#8221;margin-sm-20t&#8221; mobile_mt=&#8221;margin-xs-20t&#8221; offset=&#8221;vc_col-lg-offset-1 vc_col-lg-7 vc_col-md-offset-0 vc_col-md-7 vc_col-sm-offset-0 vc_col-xs-12&#8243;][vc_headings title=&#8221;Soluciones infinitas en revestimiento de aluminio compuesto&#8221; subtitle=&#8221;Nuestros Servicios&#8221;]<span style=\"font-weight: 400;\">SuplitecDom cuenta con una experiencia de m\u00e1s de 24 a\u00f1os en el revestimiento de aluminio, lo que ha permitido que en sus 20 a\u00f1os en el pa\u00eds posea una importante cartera de clientes.<\/span><\/p>\n<p><span style=\"font-weight: 400;\">Suplitec Dominicana ofrece los servicios de venta, instalaci\u00f3n y asesoramiento, a trav\u00e9s de una compa\u00f1\u00eda de construcci\u00f3n internacional de metales, donde podemos sin ning\u00fan costo alguno asesorar a nuestros clientes con sus dise\u00f1os y aportar nuevas ideas para la culminaci\u00f3n de su proyecto.<\/span>[\/vc_headings][\/vc_column][\/vc_row][vc_row full_width=&#8221;stretch_row_content_no_spaces&#8221; desctop_mt=&#8221;margin-lg-70t&#8221; tablets_mt=&#8221;margin-sm-50t&#8221;][vc_column][vc_wrapper title=&#8221;Que ofrecemos&#8221; subtitle=&#8221;SERVICIOS&#8221; image=&#8221;2891&#8243; color_style=&#8221;light&#8221;][vc_projects_posts templates=&#8221;services&#8221; post_type=&#8221;services&#8221; total_columns=&#8221;prague_count_col3&#8243; gap_columns=&#8221;prague_gap_col15&#8243; posts_per_page=&#8221;3&#8243; button_link_class=&#8221;prague-services-link a-btn-2 creative&#8221; button_span_class=&#8221;a-btn-line&#8221; button_style=&#8221;creative&#8221;][\/vc_wrapper][\/vc_column][\/vc_row]<\/p>\n","protected":false},"excerpt":{"rendered":"<p>[vc_row full_width=&#8221;stretch_row_content_no_spaces&#8221;][vc_column][vc_banner_title color_style=&#8221;light&#8221; subtitle=&#8221;Nuestros&#8221; title=&#8221;SERVICIOS&#8221; img=&#8221;2968&#8243; enable_overlay=&#8221;true&#8221; enable_fullheight=&#8221;true&#8221; columns=&#8221;%5B%7B%7D%5D&#8221;][\/vc_banner_title][\/vc_column][\/vc_row][vc_row desctop_mt=&#8221;margin-lg-60t&#8221; tablets_mt=&#8221;margin-sm-70t&#8221;][vc_column desctop_mt=&#8221;margin-lg-0t&#8221; tablets_mt=&#8221;margin-sm-20t&#8221; mobile_mt=&#8221;margin-xs-20t&#8221; offset=&#8221;vc_col-lg-offset-1 vc_col-lg-7 vc_col-md-offset-0 vc_col-md-7 vc_col-sm-offset-0 vc_col-xs-12&#8243;][vc_headings<\/p>\n","protected":false},"author":1,"featured_media":0,"parent":0,"menu_order":0,"comment_status":"closed","ping_status":"closed","template":"","meta":[],"featured_image_src":null,"featured_image_src_square":null,"_links":{"self":[{"href":"https:\/\/suplitecdom.com\/index.php\/wp-json\/wp\/v2\/pages\/100"}],"collection":[{"href":"https:\/\/suplitecdom.com\/index.php\/wp-json\/wp\/v2\/pages"}],"about":[{"href":"https:\/\/suplitecdom.com\/index.php\/wp-json\/wp\/v2\/types\/page"}],"author":[{"embeddable":true,"href":"https:\/\/suplitecdom.com\/index.php\/wp-json\/wp\/v2\/users\/1"}],"replies":[{"embeddable":true,"href":"https:\/\/suplitecdom.com\/index.php\/wp-json\/wp\/v2\/comments?post=100"}],"version-history":[{"count":14,"href":"https:\/\/suplitecdom.com\/index.php\/wp-json\/wp\/v2\/pages\/100\/revisions"}],"predecessor-version":[{"id":2981,"href":"https:\/\/suplitecdom.com\/index.php\/wp-json\/wp\/v2\/pages\/100\/revisions\/2981"}],"wp:attachment":[{"href":"https:\/\/suplitecdom.com\/index.php\/wp-json\/wp\/v2\/media?parent=100"}],"curies":[{"name":"wp","href":"https:\/\/api.w.org\/{rel}","templated":true}]}}