{"id":111,"date":"2017-01-03T16:34:36","date_gmt":"2017-01-03T16:34:36","guid":{"rendered":"http:\/\/prague.foxthemes.me\/?page_id=111"},"modified":"2024-02-21T15:21:17","modified_gmt":"2024-02-21T15:21:17","slug":"quienessomos","status":"publish","type":"page","link":"https:\/\/suplitecdom.com\/index.php\/quienessomos\/","title":{"rendered":"Quienes Somos"},"content":{"rendered":"<p>[vc_row full_width=&#8221;stretch_row_content_no_spaces&#8221;][vc_column][vc_banner_title color_style=&#8221;light&#8221; subtitle=&#8221;QUIENES SOMOS&#8221; title=&#8221;Pioneros y L\u00edderes en el Mercado Dominicano&#8221; img=&#8221;2968&#8243; enable_overlay=&#8221;true&#8221; enable_fullheight=&#8221;true&#8221; columns=&#8221;%5B%7B%7D%5D&#8221;][\/vc_banner_title][\/vc_column][\/vc_row][vc_row desctop_mt=&#8221;margin-lg-55t&#8221; tablets_mt=&#8221;margin-sm-20t&#8221;][vc_column][vc_headings title=&#8221;Hacemos con el coraz\u00f3n nuestro trabajo&#8221; subtitle=&#8221;QUIENES SOMOS&#8221;]<span style=\"font-weight: 400;\">Suplitec Dominicana, es una empresa especializada en la venta e instalaci\u00f3n de paneles de Aluminio Compuesto (ACM), tenemos la representaci\u00f3n para la Rep\u00fablica Dominicana de las marcas Alpolic Composites, Alfrex Inc. y Reynobond Reynolux.<\/span><\/p>\n<p><span style=\"font-weight: 400;\">Nuestros clientes cuentan con una experiencia de m\u00e1s de 20 a\u00f1os y pioneros en el mercado dominicano, esto nos permite evaluar y ver las diferentes necesidades de cada proyecto y a la vez ofrecerle un portafolio de colores y texturas a la medida sin tener limitante arquitect\u00f3nico en su terminaci\u00f3n. La garant\u00eda de clase mundial que recibimos por parte de f\u00e1brica de 10,15, 20 y 30 a\u00f1os, nos permite ofrecerle un respaldo completo de su inversi\u00f3n, pues solo comercializamos material fabricado en Estados Unidos, esta diferencia es marcada por las normativas y exigencias de producci\u00f3n, garantizando la tranquilidad de tener un acabado y durabilidad \u00fanica sin comparaci\u00f3n de las dem\u00e1s marcas.<\/span><\/p>\n<p><span style=\"font-weight: 400;\">Tenemos formatos que van desde 4 pies de ancho por 10 pies de largo, hasta 16 pies respectivamente, en 3 y 4 mil\u00edmetros como standard en el mercado y por pedido especial podemos producir 2,5 y 6 mil\u00edmetros, en n\u00facleo de polietileno y retardante de llamas.<\/span><\/p>\n<p><span style=\"font-weight: 400;\">Somos especialistas en Aluminio Compuesto\u2026<\/span>[\/vc_headings][\/vc_column][\/vc_row]<\/p>\n","protected":false},"excerpt":{"rendered":"<p>[vc_row full_width=&#8221;stretch_row_content_no_spaces&#8221;][vc_column][vc_banner_title color_style=&#8221;light&#8221; subtitle=&#8221;QUIENES SOMOS&#8221; title=&#8221;Pioneros y L\u00edderes en el Mercado Dominicano&#8221; img=&#8221;2968&#8243; enable_overlay=&#8221;true&#8221; enable_fullheight=&#8221;true&#8221; columns=&#8221;%5B%7B%7D%5D&#8221;][\/vc_banner_title][\/vc_column][\/vc_row][vc_row desctop_mt=&#8221;margin-lg-55t&#8221; tablets_mt=&#8221;margin-sm-20t&#8221;][vc_column][vc_headings title=&#8221;Hacemos con<\/p>\n","protected":false},"author":1,"featured_media":0,"parent":0,"menu_order":0,"comment_status":"closed","ping_status":"closed","template":"","meta":[],"featured_image_src":null,"featured_image_src_square":null,"_links":{"self":[{"href":"https:\/\/suplitecdom.com\/index.php\/wp-json\/wp\/v2\/pages\/111"}],"collection":[{"href":"https:\/\/suplitecdom.com\/index.php\/wp-json\/wp\/v2\/pages"}],"about":[{"href":"https:\/\/suplitecdom.com\/index.php\/wp-json\/wp\/v2\/types\/page"}],"author":[{"embeddable":true,"href":"https:\/\/suplitecdom.com\/index.php\/wp-json\/wp\/v2\/users\/1"}],"replies":[{"embeddable":true,"href":"https:\/\/suplitecdom.com\/index.php\/wp-json\/wp\/v2\/comments?post=111"}],"version-history":[{"count":6,"href":"https:\/\/suplitecdom.com\/index.php\/wp-json\/wp\/v2\/pages\/111\/revisions"}],"predecessor-version":[{"id":2979,"href":"https:\/\/suplitecdom.com\/index.php\/wp-json\/wp\/v2\/pages\/111\/revisions\/2979"}],"wp:attachment":[{"href":"https:\/\/suplitecdom.com\/index.php\/wp-json\/wp\/v2\/media?parent=111"}],"curies":[{"name":"wp","href":"https:\/\/api.w.org\/{rel}","templated":true}]}}